{"id":10335,"date":"2025-02-05T09:55:26","date_gmt":"2025-02-05T08:55:26","guid":{"rendered":"https:\/\/www.sams-industrie.fr\/product\/flasque-de-poulie-reference\/"},"modified":"2025-02-19T11:57:08","modified_gmt":"2025-02-19T10:57:08","slug":"flasque-de-poulie-reference","status":"publish","type":"product","link":"https:\/\/www.sams-industrie.fr\/en\/product\/flasque-de-poulie-reference\/","title":{"rendered":"Pulley flange<br> Reference GD-201-113"},"content":{"rendered":"","protected":false},"excerpt":{"rendered":"<p>RAPIDEX Inline Stapler<br \/> R\u00e9f\u00e9rence constructeur : GD-201-113<br \/> R\u00e9f\u00e9rences \u00e9quivalentes : GD201113 \/ MGD201113 \/ RAPGD201113<\/p>","protected":false},"featured_media":0,"comment_status":"open","ping_status":"closed","template":"","meta":[],"_links":{"self":[{"href":"https:\/\/www.sams-industrie.fr\/en\/wp-json\/wp\/v2\/product\/10335"}],"collection":[{"href":"https:\/\/www.sams-industrie.fr\/en\/wp-json\/wp\/v2\/product"}],"about":[{"href":"https:\/\/www.sams-industrie.fr\/en\/wp-json\/wp\/v2\/types\/product"}],"replies":[{"embeddable":true,"href":"https:\/\/www.sams-industrie.fr\/en\/wp-json\/wp\/v2\/comments?post=10335"}],"wp:attachment":[{"href":"https:\/\/www.sams-industrie.fr\/en\/wp-json\/wp\/v2\/media?parent=10335"}],"curies":[{"name":"wp","href":"https:\/\/api.w.org\/{rel}","templated":true}]}}