{"id":10332,"date":"2025-02-05T09:55:23","date_gmt":"2025-02-05T08:55:23","guid":{"rendered":"https:\/\/www.sams-industrie.fr\/product\/pastille-pour-ecrou-reference\/"},"modified":"2025-02-19T11:57:06","modified_gmt":"2025-02-19T10:57:06","slug":"pastille-pour-ecrou-reference","status":"publish","type":"product","link":"https:\/\/www.sams-industrie.fr\/en\/product\/pastille-pour-ecrou-reference\/","title":{"rendered":"Nut lozenge<br> Reference GD-201-119"},"content":{"rendered":"","protected":false},"excerpt":{"rendered":"<p>RAPIDEX Inline Stapler<br \/> R\u00e9f\u00e9rence constructeur : GD-201-119<br \/> R\u00e9f\u00e9rences \u00e9quivalentes : GD201119 \/ MGD201119 \/ RAPGD201119<\/p>","protected":false},"featured_media":0,"comment_status":"open","ping_status":"closed","template":"","meta":[],"_links":{"self":[{"href":"https:\/\/www.sams-industrie.fr\/en\/wp-json\/wp\/v2\/product\/10332"}],"collection":[{"href":"https:\/\/www.sams-industrie.fr\/en\/wp-json\/wp\/v2\/product"}],"about":[{"href":"https:\/\/www.sams-industrie.fr\/en\/wp-json\/wp\/v2\/types\/product"}],"replies":[{"embeddable":true,"href":"https:\/\/www.sams-industrie.fr\/en\/wp-json\/wp\/v2\/comments?post=10332"}],"wp:attachment":[{"href":"https:\/\/www.sams-industrie.fr\/en\/wp-json\/wp\/v2\/media?parent=10332"}],"curies":[{"name":"wp","href":"https:\/\/api.w.org\/{rel}","templated":true}]}}