{"id":10330,"date":"2025-02-05T09:55:21","date_gmt":"2025-02-05T08:55:21","guid":{"rendered":"https:\/\/www.sams-industrie.fr\/product\/pignon-reference-6\/"},"modified":"2025-02-19T11:57:05","modified_gmt":"2025-02-19T10:57:05","slug":"pignon-reference-6","status":"publish","type":"product","link":"https:\/\/www.sams-industrie.fr\/en\/product\/pignon-reference-6\/","title":{"rendered":"Pinion<br> Reference GD-201-111"},"content":{"rendered":"","protected":false},"excerpt":{"rendered":"<p>RAPIDEX Inline Stapler<br \/> R\u00e9f\u00e9rence constructeur : GD-201-111<br \/> R\u00e9f\u00e9rences \u00e9quivalentes : GD201111 \/ MGD201111 \/ RAPGD201111<\/p>","protected":false},"featured_media":0,"comment_status":"open","ping_status":"closed","template":"","meta":[],"_links":{"self":[{"href":"https:\/\/www.sams-industrie.fr\/en\/wp-json\/wp\/v2\/product\/10330"}],"collection":[{"href":"https:\/\/www.sams-industrie.fr\/en\/wp-json\/wp\/v2\/product"}],"about":[{"href":"https:\/\/www.sams-industrie.fr\/en\/wp-json\/wp\/v2\/types\/product"}],"replies":[{"embeddable":true,"href":"https:\/\/www.sams-industrie.fr\/en\/wp-json\/wp\/v2\/comments?post=10330"}],"wp:attachment":[{"href":"https:\/\/www.sams-industrie.fr\/en\/wp-json\/wp\/v2\/media?parent=10330"}],"curies":[{"name":"wp","href":"https:\/\/api.w.org\/{rel}","templated":true}]}}