{"id":10327,"date":"2025-02-05T09:55:19","date_gmt":"2025-02-05T08:55:19","guid":{"rendered":"https:\/\/www.sams-industrie.fr\/product\/clavette-reference-2\/"},"modified":"2025-02-19T11:57:03","modified_gmt":"2025-02-19T10:57:03","slug":"clavette-reference-2","status":"publish","type":"product","link":"https:\/\/www.sams-industrie.fr\/en\/product\/clavette-reference-2\/","title":{"rendered":"Key<br> Reference GD-201-121"},"content":{"rendered":"","protected":false},"excerpt":{"rendered":"<p>RAPIDEX Inline Stapler<br \/> R\u00e9f\u00e9rence constructeur : GD-201-121<br \/> R\u00e9f\u00e9rences \u00e9quivalentes : GD201121 \/ MGD201121 \/ RAPGD201121<\/p>","protected":false},"featured_media":0,"comment_status":"open","ping_status":"closed","template":"","meta":[],"_links":{"self":[{"href":"https:\/\/www.sams-industrie.fr\/en\/wp-json\/wp\/v2\/product\/10327"}],"collection":[{"href":"https:\/\/www.sams-industrie.fr\/en\/wp-json\/wp\/v2\/product"}],"about":[{"href":"https:\/\/www.sams-industrie.fr\/en\/wp-json\/wp\/v2\/types\/product"}],"replies":[{"embeddable":true,"href":"https:\/\/www.sams-industrie.fr\/en\/wp-json\/wp\/v2\/comments?post=10327"}],"wp:attachment":[{"href":"https:\/\/www.sams-industrie.fr\/en\/wp-json\/wp\/v2\/media?parent=10327"}],"curies":[{"name":"wp","href":"https:\/\/api.w.org\/{rel}","templated":true}]}}