{"id":10325,"date":"2025-02-05T09:55:06","date_gmt":"2025-02-05T08:55:06","guid":{"rendered":"https:\/\/www.sams-industrie.fr\/product\/moyeu-de-commande-reference-4\/"},"modified":"2025-02-19T11:57:02","modified_gmt":"2025-02-19T10:57:02","slug":"moyeu-de-commande-reference-4","status":"publish","type":"product","link":"https:\/\/www.sams-industrie.fr\/en\/product\/moyeu-de-commande-reference-4\/","title":{"rendered":"Control hub<br> Reference GD-201-120"},"content":{"rendered":"","protected":false},"excerpt":{"rendered":"<p>RAPIDEX Inline Stapler<br \/> R\u00e9f\u00e9rence constructeur : GD-201-120<br \/> R\u00e9f\u00e9rences \u00e9quivalentes : GD201120 \/ MGD201120 \/ RAPGD201120<\/p>","protected":false},"featured_media":0,"comment_status":"open","ping_status":"closed","template":"","meta":[],"_links":{"self":[{"href":"https:\/\/www.sams-industrie.fr\/en\/wp-json\/wp\/v2\/product\/10325"}],"collection":[{"href":"https:\/\/www.sams-industrie.fr\/en\/wp-json\/wp\/v2\/product"}],"about":[{"href":"https:\/\/www.sams-industrie.fr\/en\/wp-json\/wp\/v2\/types\/product"}],"replies":[{"embeddable":true,"href":"https:\/\/www.sams-industrie.fr\/en\/wp-json\/wp\/v2\/comments?post=10325"}],"wp:attachment":[{"href":"https:\/\/www.sams-industrie.fr\/en\/wp-json\/wp\/v2\/media?parent=10325"}],"curies":[{"name":"wp","href":"https:\/\/api.w.org\/{rel}","templated":true}]}}