{"id":10323,"date":"2025-02-05T09:55:04","date_gmt":"2025-02-05T08:55:04","guid":{"rendered":"https:\/\/www.sams-industrie.fr\/product\/pignon-de-commande-reference\/"},"modified":"2025-10-16T16:21:01","modified_gmt":"2025-10-16T14:21:01","slug":"pignon-de-commande-reference","status":"publish","type":"product","link":"https:\/\/www.sams-industrie.fr\/en\/product\/pignon-de-commande-reference\/","title":{"rendered":"Drive pinion<br> Reference GD-027-012"},"content":{"rendered":"","protected":false},"excerpt":{"rendered":"<p>RAPIDEX Inline Stapler<br \/>\nR\u00e9f\u00e9rence constructeur : GD-027-012<br \/>\nR\u00e9f\u00e9rences \u00e9quivalentes : GD027012 \/ MGD027012 \/ RAPGD027012<\/p>","protected":false},"featured_media":11650,"comment_status":"open","ping_status":"closed","template":"","meta":[],"_links":{"self":[{"href":"https:\/\/www.sams-industrie.fr\/en\/wp-json\/wp\/v2\/product\/10323"}],"collection":[{"href":"https:\/\/www.sams-industrie.fr\/en\/wp-json\/wp\/v2\/product"}],"about":[{"href":"https:\/\/www.sams-industrie.fr\/en\/wp-json\/wp\/v2\/types\/product"}],"replies":[{"embeddable":true,"href":"https:\/\/www.sams-industrie.fr\/en\/wp-json\/wp\/v2\/comments?post=10323"}],"wp:featuredmedia":[{"embeddable":true,"href":"https:\/\/www.sams-industrie.fr\/en\/wp-json\/wp\/v2\/media\/11650"}],"wp:attachment":[{"href":"https:\/\/www.sams-industrie.fr\/en\/wp-json\/wp\/v2\/media?parent=10323"}],"curies":[{"name":"wp","href":"https:\/\/api.w.org\/{rel}","templated":true}]}}