{"id":10322,"date":"2025-02-05T09:55:03","date_gmt":"2025-02-05T08:55:03","guid":{"rendered":"https:\/\/www.sams-industrie.fr\/product\/arbre-de-commande-de-tetes-reference\/"},"modified":"2025-02-19T11:57:00","modified_gmt":"2025-02-19T10:57:00","slug":"arbre-de-commande-de-tetes-reference","status":"publish","type":"product","link":"https:\/\/www.sams-industrie.fr\/en\/product\/arbre-de-commande-de-tetes-reference\/","title":{"rendered":"Head control shaft<br> Reference BG-013-025"},"content":{"rendered":"","protected":false},"excerpt":{"rendered":"<p>RAPIDEX Inline Stapler<br \/> R\u00e9f\u00e9rence constructeur : BG-013-025<br \/> R\u00e9f\u00e9rences \u00e9quivalentes : BG013025 \/ MBG013025 \/ RAPBG013025<\/p>","protected":false},"featured_media":0,"comment_status":"open","ping_status":"closed","template":"","meta":[],"_links":{"self":[{"href":"https:\/\/www.sams-industrie.fr\/en\/wp-json\/wp\/v2\/product\/10322"}],"collection":[{"href":"https:\/\/www.sams-industrie.fr\/en\/wp-json\/wp\/v2\/product"}],"about":[{"href":"https:\/\/www.sams-industrie.fr\/en\/wp-json\/wp\/v2\/types\/product"}],"replies":[{"embeddable":true,"href":"https:\/\/www.sams-industrie.fr\/en\/wp-json\/wp\/v2\/comments?post=10322"}],"wp:attachment":[{"href":"https:\/\/www.sams-industrie.fr\/en\/wp-json\/wp\/v2\/media?parent=10322"}],"curies":[{"name":"wp","href":"https:\/\/api.w.org\/{rel}","templated":true}]}}