{"id":10320,"date":"2025-02-05T09:55:01","date_gmt":"2025-02-05T08:55:01","guid":{"rendered":"https:\/\/www.sams-industrie.fr\/product\/moyeu-de-commande-reference-3\/"},"modified":"2025-02-19T11:56:58","modified_gmt":"2025-02-19T10:56:58","slug":"moyeu-de-commande-reference-3","status":"publish","type":"product","link":"https:\/\/www.sams-industrie.fr\/en\/product\/moyeu-de-commande-reference-3\/","title":{"rendered":"Control hub<br> Reference BD-013-122"},"content":{"rendered":"","protected":false},"excerpt":{"rendered":"<p>RAPIDEX Inline Stapler<br \/> R\u00e9f\u00e9rence constructeur : BD-013-122<br \/> R\u00e9f\u00e9rences \u00e9quivalentes : BD013122 \/ MBD013122 \/ RAPBD013122<\/p>","protected":false},"featured_media":0,"comment_status":"open","ping_status":"closed","template":"","meta":[],"_links":{"self":[{"href":"https:\/\/www.sams-industrie.fr\/en\/wp-json\/wp\/v2\/product\/10320"}],"collection":[{"href":"https:\/\/www.sams-industrie.fr\/en\/wp-json\/wp\/v2\/product"}],"about":[{"href":"https:\/\/www.sams-industrie.fr\/en\/wp-json\/wp\/v2\/types\/product"}],"replies":[{"embeddable":true,"href":"https:\/\/www.sams-industrie.fr\/en\/wp-json\/wp\/v2\/comments?post=10320"}],"wp:attachment":[{"href":"https:\/\/www.sams-industrie.fr\/en\/wp-json\/wp\/v2\/media?parent=10320"}],"curies":[{"name":"wp","href":"https:\/\/api.w.org\/{rel}","templated":true}]}}