{"id":10319,"date":"2025-02-05T09:55:01","date_gmt":"2025-02-05T08:55:01","guid":{"rendered":"https:\/\/www.sams-industrie.fr\/product\/moyeu-de-commande-reference-2\/"},"modified":"2025-02-19T11:56:57","modified_gmt":"2025-02-19T10:56:57","slug":"moyeu-de-commande-reference-2","status":"publish","type":"product","link":"https:\/\/www.sams-industrie.fr\/en\/product\/moyeu-de-commande-reference-2\/","title":{"rendered":"Control hub<br> Reference WB-013-002"},"content":{"rendered":"","protected":false},"excerpt":{"rendered":"<p>RAPIDEX Inline Stapler<br \/> R\u00e9f\u00e9rence constructeur : WB-013-002<br \/> R\u00e9f\u00e9rences \u00e9quivalentes : WB013002 \/ MWB013002 \/ RAPWB013002<\/p>","protected":false},"featured_media":0,"comment_status":"open","ping_status":"closed","template":"","meta":[],"_links":{"self":[{"href":"https:\/\/www.sams-industrie.fr\/en\/wp-json\/wp\/v2\/product\/10319"}],"collection":[{"href":"https:\/\/www.sams-industrie.fr\/en\/wp-json\/wp\/v2\/product"}],"about":[{"href":"https:\/\/www.sams-industrie.fr\/en\/wp-json\/wp\/v2\/types\/product"}],"replies":[{"embeddable":true,"href":"https:\/\/www.sams-industrie.fr\/en\/wp-json\/wp\/v2\/comments?post=10319"}],"wp:attachment":[{"href":"https:\/\/www.sams-industrie.fr\/en\/wp-json\/wp\/v2\/media?parent=10319"}],"curies":[{"name":"wp","href":"https:\/\/api.w.org\/{rel}","templated":true}]}}