{"id":10318,"date":"2025-02-05T09:55:00","date_gmt":"2025-02-05T08:55:00","guid":{"rendered":"https:\/\/www.sams-industrie.fr\/product\/frein-de-tete-reference\/"},"modified":"2025-02-19T11:56:57","modified_gmt":"2025-02-19T10:56:57","slug":"frein-de-tete-reference","status":"publish","type":"product","link":"https:\/\/www.sams-industrie.fr\/en\/product\/frein-de-tete-reference\/","title":{"rendered":"Head brake<br> Reference GD-001-032"},"content":{"rendered":"","protected":false},"excerpt":{"rendered":"<p>RAPIDEX Inline Stapler<br \/> R\u00e9f\u00e9rence constructeur : GD-001-032<br \/> R\u00e9f\u00e9rences \u00e9quivalentes : GD001032 \/ MGD001032 \/ RAPGD001032<\/p>","protected":false},"featured_media":0,"comment_status":"open","ping_status":"closed","template":"","meta":[],"_links":{"self":[{"href":"https:\/\/www.sams-industrie.fr\/en\/wp-json\/wp\/v2\/product\/10318"}],"collection":[{"href":"https:\/\/www.sams-industrie.fr\/en\/wp-json\/wp\/v2\/product"}],"about":[{"href":"https:\/\/www.sams-industrie.fr\/en\/wp-json\/wp\/v2\/types\/product"}],"replies":[{"embeddable":true,"href":"https:\/\/www.sams-industrie.fr\/en\/wp-json\/wp\/v2\/comments?post=10318"}],"wp:attachment":[{"href":"https:\/\/www.sams-industrie.fr\/en\/wp-json\/wp\/v2\/media?parent=10318"}],"curies":[{"name":"wp","href":"https:\/\/api.w.org\/{rel}","templated":true}]}}