{"id":10317,"date":"2025-02-05T09:54:59","date_gmt":"2025-02-05T08:54:59","guid":{"rendered":"https:\/\/www.sams-industrie.fr\/product\/bati-de-tete-mobile-reference\/"},"modified":"2025-02-19T11:56:56","modified_gmt":"2025-02-19T10:56:56","slug":"bati-de-tete-mobile-reference","status":"publish","type":"product","link":"https:\/\/www.sams-industrie.fr\/en\/product\/bati-de-tete-mobile-reference\/","title":{"rendered":"Moving head frame<br> Reference GD-001-008"},"content":{"rendered":"","protected":false},"excerpt":{"rendered":"<p>RAPIDEX Inline Stapler<br \/> R\u00e9f\u00e9rence constructeur : GD-001-008<br \/> R\u00e9f\u00e9rences \u00e9quivalentes : GD001008 \/ MGD001008 \/ RAPGD001008<\/p>","protected":false},"featured_media":0,"comment_status":"open","ping_status":"closed","template":"","meta":[],"_links":{"self":[{"href":"https:\/\/www.sams-industrie.fr\/en\/wp-json\/wp\/v2\/product\/10317"}],"collection":[{"href":"https:\/\/www.sams-industrie.fr\/en\/wp-json\/wp\/v2\/product"}],"about":[{"href":"https:\/\/www.sams-industrie.fr\/en\/wp-json\/wp\/v2\/types\/product"}],"replies":[{"embeddable":true,"href":"https:\/\/www.sams-industrie.fr\/en\/wp-json\/wp\/v2\/comments?post=10317"}],"wp:attachment":[{"href":"https:\/\/www.sams-industrie.fr\/en\/wp-json\/wp\/v2\/media?parent=10317"}],"curies":[{"name":"wp","href":"https:\/\/api.w.org\/{rel}","templated":true}]}}