{"id":10312,"date":"2025-02-05T09:54:53","date_gmt":"2025-02-05T08:54:53","guid":{"rendered":"https:\/\/www.sams-industrie.fr\/product\/tendeur-de-tete-fixe-reference\/"},"modified":"2025-02-19T11:56:52","modified_gmt":"2025-02-19T10:56:52","slug":"tendeur-de-tete-fixe-reference","status":"publish","type":"product","link":"https:\/\/www.sams-industrie.fr\/en\/product\/tendeur-de-tete-fixe-reference\/","title":{"rendered":"Fixed head tensioner<br> Reference GD-001-275"},"content":{"rendered":"","protected":false},"excerpt":{"rendered":"<p>RAPIDEX Inline Stapler<br \/> R\u00e9f\u00e9rence constructeur : GD-001-275<br \/> R\u00e9f\u00e9rences \u00e9quivalentes : GD001275 \/ MGD001275 \/ RAPGD001275<\/p>","protected":false},"featured_media":0,"comment_status":"open","ping_status":"closed","template":"","meta":[],"_links":{"self":[{"href":"https:\/\/www.sams-industrie.fr\/en\/wp-json\/wp\/v2\/product\/10312"}],"collection":[{"href":"https:\/\/www.sams-industrie.fr\/en\/wp-json\/wp\/v2\/product"}],"about":[{"href":"https:\/\/www.sams-industrie.fr\/en\/wp-json\/wp\/v2\/types\/product"}],"replies":[{"embeddable":true,"href":"https:\/\/www.sams-industrie.fr\/en\/wp-json\/wp\/v2\/comments?post=10312"}],"wp:attachment":[{"href":"https:\/\/www.sams-industrie.fr\/en\/wp-json\/wp\/v2\/media?parent=10312"}],"curies":[{"name":"wp","href":"https:\/\/api.w.org\/{rel}","templated":true}]}}