{"id":10309,"date":"2025-02-05T09:54:50","date_gmt":"2025-02-05T08:54:50","guid":{"rendered":"https:\/\/www.sams-industrie.fr\/product\/entretoise-exterieure-reference\/"},"modified":"2025-02-19T11:56:49","modified_gmt":"2025-02-19T10:56:49","slug":"entretoise-exterieure-reference","status":"publish","type":"product","link":"https:\/\/www.sams-industrie.fr\/en\/product\/entretoise-exterieure-reference\/","title":{"rendered":"Outer spacer<br> Reference XB020025"},"content":{"rendered":"","protected":false},"excerpt":{"rendered":"<p>RAPIDEX Inline Stapler<br \/> R\u00e9f\u00e9rence constructeur : XB020025<br \/> R\u00e9f\u00e9rences \u00e9quivalentes : XB020025 \/ MXB020025 \/ RAPXB020025<\/p>","protected":false},"featured_media":0,"comment_status":"open","ping_status":"closed","template":"","meta":[],"_links":{"self":[{"href":"https:\/\/www.sams-industrie.fr\/en\/wp-json\/wp\/v2\/product\/10309"}],"collection":[{"href":"https:\/\/www.sams-industrie.fr\/en\/wp-json\/wp\/v2\/product"}],"about":[{"href":"https:\/\/www.sams-industrie.fr\/en\/wp-json\/wp\/v2\/types\/product"}],"replies":[{"embeddable":true,"href":"https:\/\/www.sams-industrie.fr\/en\/wp-json\/wp\/v2\/comments?post=10309"}],"wp:attachment":[{"href":"https:\/\/www.sams-industrie.fr\/en\/wp-json\/wp\/v2\/media?parent=10309"}],"curies":[{"name":"wp","href":"https:\/\/api.w.org\/{rel}","templated":true}]}}