{"id":10308,"date":"2025-02-05T09:54:49","date_gmt":"2025-02-05T08:54:49","guid":{"rendered":"https:\/\/www.sams-industrie.fr\/product\/pignon-recepteur-reference\/"},"modified":"2025-02-19T11:56:48","modified_gmt":"2025-02-19T10:56:48","slug":"pignon-recepteur-reference","status":"publish","type":"product","link":"https:\/\/www.sams-industrie.fr\/en\/product\/pignon-recepteur-reference\/","title":{"rendered":"Receiving pinion<br> Reference BG-014-647"},"content":{"rendered":"","protected":false},"excerpt":{"rendered":"<p>RAPIDEX Inline Stapler<br \/> R\u00e9f\u00e9rence constructeur : BG-014-647<br \/> R\u00e9f\u00e9rences \u00e9quivalentes : BG014647 \/ MBG014647 \/ RAPBG014647<\/p>","protected":false},"featured_media":0,"comment_status":"open","ping_status":"closed","template":"","meta":[],"_links":{"self":[{"href":"https:\/\/www.sams-industrie.fr\/en\/wp-json\/wp\/v2\/product\/10308"}],"collection":[{"href":"https:\/\/www.sams-industrie.fr\/en\/wp-json\/wp\/v2\/product"}],"about":[{"href":"https:\/\/www.sams-industrie.fr\/en\/wp-json\/wp\/v2\/types\/product"}],"replies":[{"embeddable":true,"href":"https:\/\/www.sams-industrie.fr\/en\/wp-json\/wp\/v2\/comments?post=10308"}],"wp:attachment":[{"href":"https:\/\/www.sams-industrie.fr\/en\/wp-json\/wp\/v2\/media?parent=10308"}],"curies":[{"name":"wp","href":"https:\/\/api.w.org\/{rel}","templated":true}]}}