{"id":10303,"date":"2025-02-05T09:54:39","date_gmt":"2025-02-05T08:54:39","guid":{"rendered":"https:\/\/www.sams-industrie.fr\/product\/butee-de-rampe-reference\/"},"modified":"2025-02-19T11:56:45","modified_gmt":"2025-02-19T10:56:45","slug":"butee-de-rampe-reference","status":"publish","type":"product","link":"https:\/\/www.sams-industrie.fr\/en\/product\/butee-de-rampe-reference\/","title":{"rendered":"Ramp stop<br> Reference BG-015-602"},"content":{"rendered":"","protected":false},"excerpt":{"rendered":"<p>RAPIDEX Inline Stapler<br \/> R\u00e9f\u00e9rence constructeur : BG-015-602<br \/> R\u00e9f\u00e9rences \u00e9quivalentes : BG015602 \/ MBG015602 \/ RAPBG015602<\/p>","protected":false},"featured_media":0,"comment_status":"open","ping_status":"closed","template":"","meta":[],"_links":{"self":[{"href":"https:\/\/www.sams-industrie.fr\/en\/wp-json\/wp\/v2\/product\/10303"}],"collection":[{"href":"https:\/\/www.sams-industrie.fr\/en\/wp-json\/wp\/v2\/product"}],"about":[{"href":"https:\/\/www.sams-industrie.fr\/en\/wp-json\/wp\/v2\/types\/product"}],"replies":[{"embeddable":true,"href":"https:\/\/www.sams-industrie.fr\/en\/wp-json\/wp\/v2\/comments?post=10303"}],"wp:attachment":[{"href":"https:\/\/www.sams-industrie.fr\/en\/wp-json\/wp\/v2\/media?parent=10303"}],"curies":[{"name":"wp","href":"https:\/\/api.w.org\/{rel}","templated":true}]}}