{"id":10302,"date":"2025-02-05T09:54:38","date_gmt":"2025-02-05T08:54:38","guid":{"rendered":"https:\/\/www.sams-industrie.fr\/product\/rampe-de-rivetage-reference-3\/"},"modified":"2025-02-19T11:56:44","modified_gmt":"2025-02-19T10:56:44","slug":"rampe-de-rivetage-reference-3","status":"publish","type":"product","link":"https:\/\/www.sams-industrie.fr\/en\/product\/rampe-de-rivetage-reference-3\/","title":{"rendered":"Riveting ramp<br> Reference BG-015-667"},"content":{"rendered":"","protected":false},"excerpt":{"rendered":"<p>RAPIDEX Inline Stapler<br \/> R\u00e9f\u00e9rence constructeur : BG-015-667<br \/> R\u00e9f\u00e9rences \u00e9quivalentes : BG015667 \/ MBG015667 \/ RAPBG015667<\/p>","protected":false},"featured_media":0,"comment_status":"open","ping_status":"closed","template":"","meta":[],"_links":{"self":[{"href":"https:\/\/www.sams-industrie.fr\/en\/wp-json\/wp\/v2\/product\/10302"}],"collection":[{"href":"https:\/\/www.sams-industrie.fr\/en\/wp-json\/wp\/v2\/product"}],"about":[{"href":"https:\/\/www.sams-industrie.fr\/en\/wp-json\/wp\/v2\/types\/product"}],"replies":[{"embeddable":true,"href":"https:\/\/www.sams-industrie.fr\/en\/wp-json\/wp\/v2\/comments?post=10302"}],"wp:attachment":[{"href":"https:\/\/www.sams-industrie.fr\/en\/wp-json\/wp\/v2\/media?parent=10302"}],"curies":[{"name":"wp","href":"https:\/\/api.w.org\/{rel}","templated":true}]}}