{"id":10299,"date":"2025-02-05T09:54:35","date_gmt":"2025-02-05T08:54:35","guid":{"rendered":"https:\/\/www.sams-industrie.fr\/product\/rampe-de-rivetage-reference-2\/"},"modified":"2025-02-19T11:56:42","modified_gmt":"2025-02-19T10:56:42","slug":"rampe-de-rivetage-reference-2","status":"publish","type":"product","link":"https:\/\/www.sams-industrie.fr\/en\/product\/rampe-de-rivetage-reference-2\/","title":{"rendered":"Riveting ramp<br> Reference BG-015-820"},"content":{"rendered":"","protected":false},"excerpt":{"rendered":"<p>RAPIDEX Inline Stapler<br \/> R\u00e9f\u00e9rence constructeur : BG-015-820<br \/> R\u00e9f\u00e9rences \u00e9quivalentes : BG015820 \/ MBG015820 \/ RAPBG015820<\/p>","protected":false},"featured_media":0,"comment_status":"open","ping_status":"closed","template":"","meta":[],"_links":{"self":[{"href":"https:\/\/www.sams-industrie.fr\/en\/wp-json\/wp\/v2\/product\/10299"}],"collection":[{"href":"https:\/\/www.sams-industrie.fr\/en\/wp-json\/wp\/v2\/product"}],"about":[{"href":"https:\/\/www.sams-industrie.fr\/en\/wp-json\/wp\/v2\/types\/product"}],"replies":[{"embeddable":true,"href":"https:\/\/www.sams-industrie.fr\/en\/wp-json\/wp\/v2\/comments?post=10299"}],"wp:attachment":[{"href":"https:\/\/www.sams-industrie.fr\/en\/wp-json\/wp\/v2\/media?parent=10299"}],"curies":[{"name":"wp","href":"https:\/\/api.w.org\/{rel}","templated":true}]}}