{"id":10295,"date":"2025-02-05T09:54:32","date_gmt":"2025-02-05T08:54:32","guid":{"rendered":"https:\/\/www.sams-industrie.fr\/product\/pastille-de-rivetage-point-15-reference\/"},"modified":"2025-02-19T11:56:39","modified_gmt":"2025-02-19T10:56:39","slug":"pastille-de-rivetage-point-15-reference","status":"publish","type":"product","link":"https:\/\/www.sams-industrie.fr\/en\/product\/pastille-de-rivetage-point-15-reference\/","title":{"rendered":"Riveting pad point 15<br> Reference BD-015-117"},"content":{"rendered":"","protected":false},"excerpt":{"rendered":"<p>RAPIDEX Inline Stapler<br \/> R\u00e9f\u00e9rence constructeur : BD-015-117<br \/> R\u00e9f\u00e9rences \u00e9quivalentes : BD015117 \/ MBD015117 \/ RAPBD015117<\/p>","protected":false},"featured_media":0,"comment_status":"open","ping_status":"closed","template":"","meta":[],"_links":{"self":[{"href":"https:\/\/www.sams-industrie.fr\/en\/wp-json\/wp\/v2\/product\/10295"}],"collection":[{"href":"https:\/\/www.sams-industrie.fr\/en\/wp-json\/wp\/v2\/product"}],"about":[{"href":"https:\/\/www.sams-industrie.fr\/en\/wp-json\/wp\/v2\/types\/product"}],"replies":[{"embeddable":true,"href":"https:\/\/www.sams-industrie.fr\/en\/wp-json\/wp\/v2\/comments?post=10295"}],"wp:attachment":[{"href":"https:\/\/www.sams-industrie.fr\/en\/wp-json\/wp\/v2\/media?parent=10295"}],"curies":[{"name":"wp","href":"https:\/\/api.w.org\/{rel}","templated":true}]}}