{"id":10294,"date":"2025-02-05T09:54:31","date_gmt":"2025-02-05T08:54:31","guid":{"rendered":"https:\/\/www.sams-industrie.fr\/product\/goulotte-fixe-reference-5\/"},"modified":"2025-02-19T11:56:38","modified_gmt":"2025-02-19T10:56:38","slug":"goulotte-fixe-reference-5","status":"publish","type":"product","link":"https:\/\/www.sams-industrie.fr\/en\/product\/goulotte-fixe-reference-5\/","title":{"rendered":"Fixed chute<br> Reference BG-117-028"},"content":{"rendered":"","protected":false},"excerpt":{"rendered":"<p>RAPIDEX Inline Stapler<br \/> R\u00e9f\u00e9rence constructeur : BG-117-028<br \/> R\u00e9f\u00e9rences \u00e9quivalentes : BG117028 \/ MBG117028 \/ RAPBG117028<\/p>","protected":false},"featured_media":0,"comment_status":"open","ping_status":"closed","template":"","meta":[],"_links":{"self":[{"href":"https:\/\/www.sams-industrie.fr\/en\/wp-json\/wp\/v2\/product\/10294"}],"collection":[{"href":"https:\/\/www.sams-industrie.fr\/en\/wp-json\/wp\/v2\/product"}],"about":[{"href":"https:\/\/www.sams-industrie.fr\/en\/wp-json\/wp\/v2\/types\/product"}],"replies":[{"embeddable":true,"href":"https:\/\/www.sams-industrie.fr\/en\/wp-json\/wp\/v2\/comments?post=10294"}],"wp:attachment":[{"href":"https:\/\/www.sams-industrie.fr\/en\/wp-json\/wp\/v2\/media?parent=10294"}],"curies":[{"name":"wp","href":"https:\/\/api.w.org\/{rel}","templated":true}]}}