{"id":10292,"date":"2025-02-05T09:54:29","date_gmt":"2025-02-05T08:54:29","guid":{"rendered":"https:\/\/www.sams-industrie.fr\/product\/lame-inferieure-reference\/"},"modified":"2025-02-19T11:56:37","modified_gmt":"2025-02-19T10:56:37","slug":"lame-inferieure-reference","status":"publish","type":"product","link":"https:\/\/www.sams-industrie.fr\/en\/product\/lame-inferieure-reference\/","title":{"rendered":"Lower blade<br> Reference BG-015-834"},"content":{"rendered":"","protected":false},"excerpt":{"rendered":"<p>RAPIDEX Inline Stapler<br \/> R\u00e9f\u00e9rence constructeur : BG-015-834<br \/> R\u00e9f\u00e9rences \u00e9quivalentes : BG015834 \/ MBG015834 \/ RAPBG015834<\/p>","protected":false},"featured_media":0,"comment_status":"open","ping_status":"closed","template":"","meta":[],"_links":{"self":[{"href":"https:\/\/www.sams-industrie.fr\/en\/wp-json\/wp\/v2\/product\/10292"}],"collection":[{"href":"https:\/\/www.sams-industrie.fr\/en\/wp-json\/wp\/v2\/product"}],"about":[{"href":"https:\/\/www.sams-industrie.fr\/en\/wp-json\/wp\/v2\/types\/product"}],"replies":[{"embeddable":true,"href":"https:\/\/www.sams-industrie.fr\/en\/wp-json\/wp\/v2\/comments?post=10292"}],"wp:attachment":[{"href":"https:\/\/www.sams-industrie.fr\/en\/wp-json\/wp\/v2\/media?parent=10292"}],"curies":[{"name":"wp","href":"https:\/\/api.w.org\/{rel}","templated":true}]}}