{"id":10291,"date":"2025-02-05T09:54:28","date_gmt":"2025-02-05T08:54:28","guid":{"rendered":"https:\/\/www.sams-industrie.fr\/product\/goulotte-a-gauche-patte-50-reference\/"},"modified":"2025-02-19T11:56:36","modified_gmt":"2025-02-19T10:56:36","slug":"goulotte-a-gauche-patte-50-reference","status":"publish","type":"product","link":"https:\/\/www.sams-industrie.fr\/en\/product\/goulotte-a-gauche-patte-50-reference\/","title":{"rendered":"Left chute leg 50<br> Reference BG-015-901"},"content":{"rendered":"","protected":false},"excerpt":{"rendered":"<p>RAPIDEX Inline Stapler<br \/> R\u00e9f\u00e9rence constructeur : BG-015-901<br \/> R\u00e9f\u00e9rences \u00e9quivalentes : BG015901 \/ MBG015901 \/ RAPBG015901<\/p>","protected":false},"featured_media":0,"comment_status":"open","ping_status":"closed","template":"","meta":[],"_links":{"self":[{"href":"https:\/\/www.sams-industrie.fr\/en\/wp-json\/wp\/v2\/product\/10291"}],"collection":[{"href":"https:\/\/www.sams-industrie.fr\/en\/wp-json\/wp\/v2\/product"}],"about":[{"href":"https:\/\/www.sams-industrie.fr\/en\/wp-json\/wp\/v2\/types\/product"}],"replies":[{"embeddable":true,"href":"https:\/\/www.sams-industrie.fr\/en\/wp-json\/wp\/v2\/comments?post=10291"}],"wp:attachment":[{"href":"https:\/\/www.sams-industrie.fr\/en\/wp-json\/wp\/v2\/media?parent=10291"}],"curies":[{"name":"wp","href":"https:\/\/api.w.org\/{rel}","templated":true}]}}