{"id":10290,"date":"2025-02-05T09:54:27","date_gmt":"2025-02-05T08:54:27","guid":{"rendered":"https:\/\/www.sams-industrie.fr\/product\/butee-de-sabre-reference\/"},"modified":"2025-02-19T11:56:35","modified_gmt":"2025-02-19T10:56:35","slug":"butee-de-sabre-reference","status":"publish","type":"product","link":"https:\/\/www.sams-industrie.fr\/en\/product\/butee-de-sabre-reference\/","title":{"rendered":"Saber stop<br> Reference BD-015-720"},"content":{"rendered":"","protected":false},"excerpt":{"rendered":"<p>RAPIDEX Inline Stapler<br \/> R\u00e9f\u00e9rence constructeur : BD-015-720<br \/> R\u00e9f\u00e9rences \u00e9quivalentes : BD015720 \/ MBD015720 \/ RAPBD015720<\/p>","protected":false},"featured_media":0,"comment_status":"open","ping_status":"closed","template":"","meta":[],"_links":{"self":[{"href":"https:\/\/www.sams-industrie.fr\/en\/wp-json\/wp\/v2\/product\/10290"}],"collection":[{"href":"https:\/\/www.sams-industrie.fr\/en\/wp-json\/wp\/v2\/product"}],"about":[{"href":"https:\/\/www.sams-industrie.fr\/en\/wp-json\/wp\/v2\/types\/product"}],"replies":[{"embeddable":true,"href":"https:\/\/www.sams-industrie.fr\/en\/wp-json\/wp\/v2\/comments?post=10290"}],"wp:attachment":[{"href":"https:\/\/www.sams-industrie.fr\/en\/wp-json\/wp\/v2\/media?parent=10290"}],"curies":[{"name":"wp","href":"https:\/\/api.w.org\/{rel}","templated":true}]}}