{"id":10289,"date":"2025-02-05T09:54:26","date_gmt":"2025-02-05T08:54:26","guid":{"rendered":"https:\/\/www.sams-industrie.fr\/product\/plaquette-antimaculage-reference-2\/"},"modified":"2025-02-19T11:56:34","modified_gmt":"2025-02-19T10:56:34","slug":"plaquette-antimaculage-reference-2","status":"publish","type":"product","link":"https:\/\/www.sams-industrie.fr\/en\/product\/plaquette-antimaculage-reference-2\/","title":{"rendered":"Anti-stain pad<br> Reference BG-015-829"},"content":{"rendered":"","protected":false},"excerpt":{"rendered":"<p>RAPIDEX Inline Stapler<br \/> R\u00e9f\u00e9rence constructeur : BG-015-829<br \/> R\u00e9f\u00e9rences \u00e9quivalentes : BG015829 \/ MBG015829 \/ RAPBG015829<\/p>","protected":false},"featured_media":0,"comment_status":"open","ping_status":"closed","template":"","meta":[],"_links":{"self":[{"href":"https:\/\/www.sams-industrie.fr\/en\/wp-json\/wp\/v2\/product\/10289"}],"collection":[{"href":"https:\/\/www.sams-industrie.fr\/en\/wp-json\/wp\/v2\/product"}],"about":[{"href":"https:\/\/www.sams-industrie.fr\/en\/wp-json\/wp\/v2\/types\/product"}],"replies":[{"embeddable":true,"href":"https:\/\/www.sams-industrie.fr\/en\/wp-json\/wp\/v2\/comments?post=10289"}],"wp:attachment":[{"href":"https:\/\/www.sams-industrie.fr\/en\/wp-json\/wp\/v2\/media?parent=10289"}],"curies":[{"name":"wp","href":"https:\/\/api.w.org\/{rel}","templated":true}]}}