{"id":10284,"date":"2025-02-05T09:54:23","date_gmt":"2025-02-05T08:54:23","guid":{"rendered":"https:\/\/www.sams-industrie.fr\/product\/sabre-reference\/"},"modified":"2025-02-19T11:56:31","modified_gmt":"2025-02-19T10:56:31","slug":"sabre-reference","status":"publish","type":"product","link":"https:\/\/www.sams-industrie.fr\/en\/product\/sabre-reference\/","title":{"rendered":"Saber<br> Reference BG-015-832"},"content":{"rendered":"","protected":false},"excerpt":{"rendered":"<p>RAPIDEX Inline Stapler<br \/> R\u00e9f\u00e9rence constructeur : BG-015-832<br \/> R\u00e9f\u00e9rences \u00e9quivalentes : BG015832 \/ MBG015832 \/ RAPBG015832<\/p>","protected":false},"featured_media":0,"comment_status":"open","ping_status":"closed","template":"","meta":[],"_links":{"self":[{"href":"https:\/\/www.sams-industrie.fr\/en\/wp-json\/wp\/v2\/product\/10284"}],"collection":[{"href":"https:\/\/www.sams-industrie.fr\/en\/wp-json\/wp\/v2\/product"}],"about":[{"href":"https:\/\/www.sams-industrie.fr\/en\/wp-json\/wp\/v2\/types\/product"}],"replies":[{"embeddable":true,"href":"https:\/\/www.sams-industrie.fr\/en\/wp-json\/wp\/v2\/comments?post=10284"}],"wp:attachment":[{"href":"https:\/\/www.sams-industrie.fr\/en\/wp-json\/wp\/v2\/media?parent=10284"}],"curies":[{"name":"wp","href":"https:\/\/api.w.org\/{rel}","templated":true}]}}