{"id":10283,"date":"2025-02-05T09:54:17","date_gmt":"2025-02-05T08:54:17","guid":{"rendered":"https:\/\/www.sams-industrie.fr\/product\/sabre-patte-a-gauche-reference\/"},"modified":"2025-02-19T11:56:30","modified_gmt":"2025-02-19T10:56:30","slug":"sabre-patte-a-gauche-reference","status":"publish","type":"product","link":"https:\/\/www.sams-industrie.fr\/en\/product\/sabre-patte-a-gauche-reference\/","title":{"rendered":"Saber paw left<br> Reference BG-015-811"},"content":{"rendered":"","protected":false},"excerpt":{"rendered":"<p>RAPIDEX Inline Stapler<br \/> R\u00e9f\u00e9rence constructeur : BG-015-811<br \/> R\u00e9f\u00e9rences \u00e9quivalentes : BG015811 \/ MBG015811 \/ RAPBG015811<\/p>","protected":false},"featured_media":0,"comment_status":"open","ping_status":"closed","template":"","meta":[],"_links":{"self":[{"href":"https:\/\/www.sams-industrie.fr\/en\/wp-json\/wp\/v2\/product\/10283"}],"collection":[{"href":"https:\/\/www.sams-industrie.fr\/en\/wp-json\/wp\/v2\/product"}],"about":[{"href":"https:\/\/www.sams-industrie.fr\/en\/wp-json\/wp\/v2\/types\/product"}],"replies":[{"embeddable":true,"href":"https:\/\/www.sams-industrie.fr\/en\/wp-json\/wp\/v2\/comments?post=10283"}],"wp:attachment":[{"href":"https:\/\/www.sams-industrie.fr\/en\/wp-json\/wp\/v2\/media?parent=10283"}],"curies":[{"name":"wp","href":"https:\/\/api.w.org\/{rel}","templated":true}]}}