{"id":10282,"date":"2025-02-05T09:54:16","date_gmt":"2025-02-05T08:54:16","guid":{"rendered":"https:\/\/www.sams-industrie.fr\/product\/goulotte-fixe-reference-3\/"},"modified":"2025-02-19T11:56:28","modified_gmt":"2025-02-19T10:56:28","slug":"goulotte-fixe-reference-3","status":"publish","type":"product","link":"https:\/\/www.sams-industrie.fr\/en\/product\/goulotte-fixe-reference-3\/","title":{"rendered":"Fixed chute<br> Reference BG-015-666"},"content":{"rendered":"","protected":false},"excerpt":{"rendered":"<p>RAPIDEX Inline Stapler<br \/> R\u00e9f\u00e9rence constructeur : BG-015-666<br \/> R\u00e9f\u00e9rences \u00e9quivalentes : BG015666 \/ MBG015666 \/ RAPBG015666<\/p>","protected":false},"featured_media":0,"comment_status":"open","ping_status":"closed","template":"","meta":[],"_links":{"self":[{"href":"https:\/\/www.sams-industrie.fr\/en\/wp-json\/wp\/v2\/product\/10282"}],"collection":[{"href":"https:\/\/www.sams-industrie.fr\/en\/wp-json\/wp\/v2\/product"}],"about":[{"href":"https:\/\/www.sams-industrie.fr\/en\/wp-json\/wp\/v2\/types\/product"}],"replies":[{"embeddable":true,"href":"https:\/\/www.sams-industrie.fr\/en\/wp-json\/wp\/v2\/comments?post=10282"}],"wp:attachment":[{"href":"https:\/\/www.sams-industrie.fr\/en\/wp-json\/wp\/v2\/media?parent=10282"}],"curies":[{"name":"wp","href":"https:\/\/api.w.org\/{rel}","templated":true}]}}