{"id":10280,"date":"2025-02-05T09:54:14","date_gmt":"2025-02-05T08:54:14","guid":{"rendered":"https:\/\/www.sams-industrie.fr\/product\/goulotte-fixe-reference\/"},"modified":"2025-10-16T16:17:23","modified_gmt":"2025-10-16T14:17:23","slug":"goulotte-fixe-reference","status":"publish","type":"product","link":"https:\/\/www.sams-industrie.fr\/en\/product\/goulotte-fixe-reference\/","title":{"rendered":"Fixed chute<br> Reference BG-015-712"},"content":{"rendered":"","protected":false},"excerpt":{"rendered":"<p>RAPIDEX Inline Stapler<br \/>\nR\u00e9f\u00e9rence constructeur : BG-015-712<br \/>\nR\u00e9f\u00e9rences \u00e9quivalentes : BG015712 \/ MBG015712 \/ RAPBG015712<\/p>","protected":false},"featured_media":11647,"comment_status":"open","ping_status":"closed","template":"","meta":[],"_links":{"self":[{"href":"https:\/\/www.sams-industrie.fr\/en\/wp-json\/wp\/v2\/product\/10280"}],"collection":[{"href":"https:\/\/www.sams-industrie.fr\/en\/wp-json\/wp\/v2\/product"}],"about":[{"href":"https:\/\/www.sams-industrie.fr\/en\/wp-json\/wp\/v2\/types\/product"}],"replies":[{"embeddable":true,"href":"https:\/\/www.sams-industrie.fr\/en\/wp-json\/wp\/v2\/comments?post=10280"}],"wp:featuredmedia":[{"embeddable":true,"href":"https:\/\/www.sams-industrie.fr\/en\/wp-json\/wp\/v2\/media\/11647"}],"wp:attachment":[{"href":"https:\/\/www.sams-industrie.fr\/en\/wp-json\/wp\/v2\/media?parent=10280"}],"curies":[{"name":"wp","href":"https:\/\/api.w.org\/{rel}","templated":true}]}}