{"id":10276,"date":"2025-02-05T09:54:10","date_gmt":"2025-02-05T08:54:10","guid":{"rendered":"https:\/\/www.sams-industrie.fr\/product\/pignon-fou-de-chaine-a-taquets-reference\/"},"modified":"2025-02-19T11:56:23","modified_gmt":"2025-02-19T10:56:23","slug":"pignon-fou-de-chaine-a-taquets-reference","status":"publish","type":"product","link":"https:\/\/www.sams-industrie.fr\/en\/product\/pignon-fou-de-chaine-a-taquets-reference\/","title":{"rendered":"Idler sprocket with cleats<br> Reference RF1-P118-01"},"content":{"rendered":"","protected":false},"excerpt":{"rendered":"<p>RAPIDEX RAPIDFOLD 19<br \/> R\u00e9f\u00e9rence constructeur : RF1-P118-01<br \/> R\u00e9f\u00e9rences \u00e9quivalentes : RF1P18011 \/ MRF1P18011 \/ RAPRF1P18011<\/p>","protected":false},"featured_media":0,"comment_status":"open","ping_status":"closed","template":"","meta":[],"_links":{"self":[{"href":"https:\/\/www.sams-industrie.fr\/en\/wp-json\/wp\/v2\/product\/10276"}],"collection":[{"href":"https:\/\/www.sams-industrie.fr\/en\/wp-json\/wp\/v2\/product"}],"about":[{"href":"https:\/\/www.sams-industrie.fr\/en\/wp-json\/wp\/v2\/types\/product"}],"replies":[{"embeddable":true,"href":"https:\/\/www.sams-industrie.fr\/en\/wp-json\/wp\/v2\/comments?post=10276"}],"wp:attachment":[{"href":"https:\/\/www.sams-industrie.fr\/en\/wp-json\/wp\/v2\/media?parent=10276"}],"curies":[{"name":"wp","href":"https:\/\/api.w.org\/{rel}","templated":true}]}}