{"id":10275,"date":"2025-02-05T09:54:09","date_gmt":"2025-02-05T08:54:09","guid":{"rendered":"https:\/\/www.sams-industrie.fr\/product\/moyeu-central-de-commande-reference\/"},"modified":"2025-02-19T11:56:23","modified_gmt":"2025-02-19T10:56:23","slug":"moyeu-central-de-commande-reference","status":"publish","type":"product","link":"https:\/\/www.sams-industrie.fr\/en\/product\/moyeu-central-de-commande-reference\/","title":{"rendered":"Central control hub<br> Reference RF1-P13-009"},"content":{"rendered":"","protected":false},"excerpt":{"rendered":"<p>RAPIDEX RAPIDFOLD 19<br \/> R\u00e9f\u00e9rence constructeur : RF1-P13-009<br \/> R\u00e9f\u00e9rences \u00e9quivalentes : RF1P13009 \/ MRF1P13009 \/ RAPRF1P13009<\/p>","protected":false},"featured_media":0,"comment_status":"open","ping_status":"closed","template":"","meta":[],"_links":{"self":[{"href":"https:\/\/www.sams-industrie.fr\/en\/wp-json\/wp\/v2\/product\/10275"}],"collection":[{"href":"https:\/\/www.sams-industrie.fr\/en\/wp-json\/wp\/v2\/product"}],"about":[{"href":"https:\/\/www.sams-industrie.fr\/en\/wp-json\/wp\/v2\/types\/product"}],"replies":[{"embeddable":true,"href":"https:\/\/www.sams-industrie.fr\/en\/wp-json\/wp\/v2\/comments?post=10275"}],"wp:attachment":[{"href":"https:\/\/www.sams-industrie.fr\/en\/wp-json\/wp\/v2\/media?parent=10275"}],"curies":[{"name":"wp","href":"https:\/\/api.w.org\/{rel}","templated":true}]}}