{"id":10270,"date":"2025-02-05T09:54:03","date_gmt":"2025-02-05T08:54:03","guid":{"rendered":"https:\/\/www.sams-industrie.fr\/product\/ecrou-reference\/"},"modified":"2025-02-19T11:56:19","modified_gmt":"2025-02-19T10:56:19","slug":"ecrou-reference","status":"publish","type":"product","link":"https:\/\/www.sams-industrie.fr\/en\/product\/ecrou-reference\/","title":{"rendered":"Nut<br> Reference RF1-A13-017"},"content":{"rendered":"","protected":false},"excerpt":{"rendered":"<p>RAPIDEX RAPIDFOLD 14<br \/> R\u00e9f\u00e9rence constructeur : RF1-A13-017<br \/> R\u00e9f\u00e9rences \u00e9quivalentes : RF1A13017 \/ MRF1A13017 \/ RAPRF1A13017<\/p>","protected":false},"featured_media":0,"comment_status":"open","ping_status":"closed","template":"","meta":[],"_links":{"self":[{"href":"https:\/\/www.sams-industrie.fr\/en\/wp-json\/wp\/v2\/product\/10270"}],"collection":[{"href":"https:\/\/www.sams-industrie.fr\/en\/wp-json\/wp\/v2\/product"}],"about":[{"href":"https:\/\/www.sams-industrie.fr\/en\/wp-json\/wp\/v2\/types\/product"}],"replies":[{"embeddable":true,"href":"https:\/\/www.sams-industrie.fr\/en\/wp-json\/wp\/v2\/comments?post=10270"}],"wp:attachment":[{"href":"https:\/\/www.sams-industrie.fr\/en\/wp-json\/wp\/v2\/media?parent=10270"}],"curies":[{"name":"wp","href":"https:\/\/api.w.org\/{rel}","templated":true}]}}