{"id":10269,"date":"2025-02-05T09:54:02","date_gmt":"2025-02-05T08:54:02","guid":{"rendered":"https:\/\/www.sams-industrie.fr\/product\/feuillard-reference\/"},"modified":"2025-02-19T11:56:19","modified_gmt":"2025-02-19T10:56:19","slug":"feuillard-reference","status":"publish","type":"product","link":"https:\/\/www.sams-industrie.fr\/en\/product\/feuillard-reference\/","title":{"rendered":"Strapping<br> Reference RF1-P21-009"},"content":{"rendered":"","protected":false},"excerpt":{"rendered":"<p>RAPIDEX RAPIDFOLD 14<br \/> R\u00e9f\u00e9rence constructeur : RF1-P21-009<br \/> R\u00e9f\u00e9rences \u00e9quivalentes : RF1P21009 \/ MRF1P21009 \/ RAPRF1P21009<\/p>","protected":false},"featured_media":0,"comment_status":"open","ping_status":"closed","template":"","meta":[],"_links":{"self":[{"href":"https:\/\/www.sams-industrie.fr\/en\/wp-json\/wp\/v2\/product\/10269"}],"collection":[{"href":"https:\/\/www.sams-industrie.fr\/en\/wp-json\/wp\/v2\/product"}],"about":[{"href":"https:\/\/www.sams-industrie.fr\/en\/wp-json\/wp\/v2\/types\/product"}],"replies":[{"embeddable":true,"href":"https:\/\/www.sams-industrie.fr\/en\/wp-json\/wp\/v2\/comments?post=10269"}],"wp:attachment":[{"href":"https:\/\/www.sams-industrie.fr\/en\/wp-json\/wp\/v2\/media?parent=10269"}],"curies":[{"name":"wp","href":"https:\/\/api.w.org\/{rel}","templated":true}]}}