{"id":10267,"date":"2025-02-05T09:54:00","date_gmt":"2025-02-05T08:54:00","guid":{"rendered":"https:\/\/www.sams-industrie.fr\/product\/bielle-chapeau-pousseur-reference\/"},"modified":"2025-02-19T11:56:12","modified_gmt":"2025-02-19T10:56:12","slug":"bielle-chapeau-pousseur-reference","status":"publish","type":"product","link":"https:\/\/www.sams-industrie.fr\/en\/product\/bielle-chapeau-pousseur-reference\/","title":{"rendered":"Connecting rod + pusher cap <br> Reference D70-D71"},"content":{"rendered":"","protected":false},"excerpt":{"rendered":"<p>RAPIDEX R56<br \/> R\u00e9f\u00e9rence constructeur : D70-D71<br \/> R\u00e9f\u00e9rences \u00e9quivalentes : D70-D71 \/ MD70-MD71 \/ RAPD70-RAPD71<\/p>","protected":false},"featured_media":0,"comment_status":"open","ping_status":"closed","template":"","meta":[],"_links":{"self":[{"href":"https:\/\/www.sams-industrie.fr\/en\/wp-json\/wp\/v2\/product\/10267"}],"collection":[{"href":"https:\/\/www.sams-industrie.fr\/en\/wp-json\/wp\/v2\/product"}],"about":[{"href":"https:\/\/www.sams-industrie.fr\/en\/wp-json\/wp\/v2\/types\/product"}],"replies":[{"embeddable":true,"href":"https:\/\/www.sams-industrie.fr\/en\/wp-json\/wp\/v2\/comments?post=10267"}],"wp:attachment":[{"href":"https:\/\/www.sams-industrie.fr\/en\/wp-json\/wp\/v2\/media?parent=10267"}],"curies":[{"name":"wp","href":"https:\/\/api.w.org\/{rel}","templated":true}]}}