{"id":10266,"date":"2025-02-05T09:53:59","date_gmt":"2025-02-05T08:53:59","guid":{"rendered":"https:\/\/www.sams-industrie.fr\/product\/ressort-reference-3\/"},"modified":"2025-02-19T11:56:12","modified_gmt":"2025-02-19T10:56:12","slug":"ressort-reference-3","status":"publish","type":"product","link":"https:\/\/www.sams-industrie.fr\/en\/product\/ressort-reference-3\/","title":{"rendered":"Spring<br> Reference 10126"},"content":{"rendered":"","protected":false},"excerpt":{"rendered":"<p>RAPIDEX R56<br \/> R\u00e9f\u00e9rence constructeur : 10126<br \/> R\u00e9f\u00e9rences \u00e9quivalentes : 10126 \/ M10126 \/ RAP10126<\/p>","protected":false},"featured_media":0,"comment_status":"open","ping_status":"closed","template":"","meta":[],"_links":{"self":[{"href":"https:\/\/www.sams-industrie.fr\/en\/wp-json\/wp\/v2\/product\/10266"}],"collection":[{"href":"https:\/\/www.sams-industrie.fr\/en\/wp-json\/wp\/v2\/product"}],"about":[{"href":"https:\/\/www.sams-industrie.fr\/en\/wp-json\/wp\/v2\/types\/product"}],"replies":[{"embeddable":true,"href":"https:\/\/www.sams-industrie.fr\/en\/wp-json\/wp\/v2\/comments?post=10266"}],"wp:attachment":[{"href":"https:\/\/www.sams-industrie.fr\/en\/wp-json\/wp\/v2\/media?parent=10266"}],"curies":[{"name":"wp","href":"https:\/\/api.w.org\/{rel}","templated":true}]}}