{"id":10265,"date":"2025-02-05T09:53:58","date_gmt":"2025-02-05T08:53:58","guid":{"rendered":"https:\/\/www.sams-industrie.fr\/product\/ressort-reference-2\/"},"modified":"2025-02-19T11:56:11","modified_gmt":"2025-02-19T10:56:11","slug":"ressort-reference-2","status":"publish","type":"product","link":"https:\/\/www.sams-industrie.fr\/en\/product\/ressort-reference-2\/","title":{"rendered":"Spring<br> Reference 10250"},"content":{"rendered":"","protected":false},"excerpt":{"rendered":"<p>RAPIDEX R56<br \/> R\u00e9f\u00e9rence constructeur : 10250<br \/> R\u00e9f\u00e9rences \u00e9quivalentes : 10250 \/ M10250 \/ RAP10250<\/p>","protected":false},"featured_media":0,"comment_status":"open","ping_status":"closed","template":"","meta":[],"_links":{"self":[{"href":"https:\/\/www.sams-industrie.fr\/en\/wp-json\/wp\/v2\/product\/10265"}],"collection":[{"href":"https:\/\/www.sams-industrie.fr\/en\/wp-json\/wp\/v2\/product"}],"about":[{"href":"https:\/\/www.sams-industrie.fr\/en\/wp-json\/wp\/v2\/types\/product"}],"replies":[{"embeddable":true,"href":"https:\/\/www.sams-industrie.fr\/en\/wp-json\/wp\/v2\/comments?post=10265"}],"wp:attachment":[{"href":"https:\/\/www.sams-industrie.fr\/en\/wp-json\/wp\/v2\/media?parent=10265"}],"curies":[{"name":"wp","href":"https:\/\/api.w.org\/{rel}","templated":true}]}}