{"id":10264,"date":"2025-02-05T09:53:56","date_gmt":"2025-02-05T08:53:56","guid":{"rendered":"https:\/\/www.sams-industrie.fr\/product\/ressort-de-laminoir-reference\/"},"modified":"2025-02-19T11:56:10","modified_gmt":"2025-02-19T10:56:10","slug":"ressort-de-laminoir-reference","status":"publish","type":"product","link":"https:\/\/www.sams-industrie.fr\/en\/product\/ressort-de-laminoir-reference\/","title":{"rendered":"Rolling mill spring<br> Reference 10133"},"content":{"rendered":"","protected":false},"excerpt":{"rendered":"<p>RAPIDEX R56<br \/> R\u00e9f\u00e9rence constructeur : 10133<br \/> R\u00e9f\u00e9rences \u00e9quivalentes : 10133 \/ M10133 \/ RAP10133<\/p>","protected":false},"featured_media":0,"comment_status":"open","ping_status":"closed","template":"","meta":[],"_links":{"self":[{"href":"https:\/\/www.sams-industrie.fr\/en\/wp-json\/wp\/v2\/product\/10264"}],"collection":[{"href":"https:\/\/www.sams-industrie.fr\/en\/wp-json\/wp\/v2\/product"}],"about":[{"href":"https:\/\/www.sams-industrie.fr\/en\/wp-json\/wp\/v2\/types\/product"}],"replies":[{"embeddable":true,"href":"https:\/\/www.sams-industrie.fr\/en\/wp-json\/wp\/v2\/comments?post=10264"}],"wp:attachment":[{"href":"https:\/\/www.sams-industrie.fr\/en\/wp-json\/wp\/v2\/media?parent=10264"}],"curies":[{"name":"wp","href":"https:\/\/api.w.org\/{rel}","templated":true}]}}