{"id":10263,"date":"2025-02-05T09:53:55","date_gmt":"2025-02-05T08:53:55","guid":{"rendered":"https:\/\/www.sams-industrie.fr\/product\/butee-de-coupe-reference-2\/"},"modified":"2025-10-16T16:01:08","modified_gmt":"2025-10-16T14:01:08","slug":"butee-de-coupe-reference-2","status":"publish","type":"product","link":"https:\/\/www.sams-industrie.fr\/en\/product\/butee-de-coupe-reference-2\/","title":{"rendered":"Cutting stop<br> Reference D-138"},"content":{"rendered":"","protected":false},"excerpt":{"rendered":"<p>RAPIDEX R56<br \/>\nR\u00e9f\u00e9rence constructeur : D-138<br \/>\nR\u00e9f\u00e9rences \u00e9quivalentes : D138 \/ MD138 \/ RAPD138<\/p>","protected":false},"featured_media":11646,"comment_status":"open","ping_status":"closed","template":"","meta":[],"_links":{"self":[{"href":"https:\/\/www.sams-industrie.fr\/en\/wp-json\/wp\/v2\/product\/10263"}],"collection":[{"href":"https:\/\/www.sams-industrie.fr\/en\/wp-json\/wp\/v2\/product"}],"about":[{"href":"https:\/\/www.sams-industrie.fr\/en\/wp-json\/wp\/v2\/types\/product"}],"replies":[{"embeddable":true,"href":"https:\/\/www.sams-industrie.fr\/en\/wp-json\/wp\/v2\/comments?post=10263"}],"wp:featuredmedia":[{"embeddable":true,"href":"https:\/\/www.sams-industrie.fr\/en\/wp-json\/wp\/v2\/media\/11646"}],"wp:attachment":[{"href":"https:\/\/www.sams-industrie.fr\/en\/wp-json\/wp\/v2\/media?parent=10263"}],"curies":[{"name":"wp","href":"https:\/\/api.w.org\/{rel}","templated":true}]}}