{"id":10262,"date":"2025-02-05T09:53:54","date_gmt":"2025-02-05T08:53:54","guid":{"rendered":"https:\/\/www.sams-industrie.fr\/product\/bague-levier-de-coupe-reference\/"},"modified":"2025-02-19T11:56:02","modified_gmt":"2025-02-19T10:56:02","slug":"bague-levier-de-coupe-reference","status":"publish","type":"product","link":"https:\/\/www.sams-industrie.fr\/en\/product\/bague-levier-de-coupe-reference\/","title":{"rendered":"Cutting lever ring<br> Reference D-137"},"content":{"rendered":"","protected":false},"excerpt":{"rendered":"<p>RAPIDEX R56<br \/> R\u00e9f\u00e9rence constructeur : D-137<br \/> R\u00e9f\u00e9rences \u00e9quivalentes : D137 \/ MD137 \/ RAPD137<\/p>","protected":false},"featured_media":0,"comment_status":"open","ping_status":"closed","template":"","meta":[],"_links":{"self":[{"href":"https:\/\/www.sams-industrie.fr\/en\/wp-json\/wp\/v2\/product\/10262"}],"collection":[{"href":"https:\/\/www.sams-industrie.fr\/en\/wp-json\/wp\/v2\/product"}],"about":[{"href":"https:\/\/www.sams-industrie.fr\/en\/wp-json\/wp\/v2\/types\/product"}],"replies":[{"embeddable":true,"href":"https:\/\/www.sams-industrie.fr\/en\/wp-json\/wp\/v2\/comments?post=10262"}],"wp:attachment":[{"href":"https:\/\/www.sams-industrie.fr\/en\/wp-json\/wp\/v2\/media?parent=10262"}],"curies":[{"name":"wp","href":"https:\/\/api.w.org\/{rel}","templated":true}]}}