{"id":10261,"date":"2025-02-05T09:53:53","date_gmt":"2025-02-05T08:53:53","guid":{"rendered":"https:\/\/www.sams-industrie.fr\/product\/butee-de-coupe-reference\/"},"modified":"2025-02-19T11:56:02","modified_gmt":"2025-02-19T10:56:02","slug":"butee-de-coupe-reference","status":"publish","type":"product","link":"https:\/\/www.sams-industrie.fr\/en\/product\/butee-de-coupe-reference\/","title":{"rendered":"Cutting stop<br> Reference D-136"},"content":{"rendered":"","protected":false},"excerpt":{"rendered":"<p>RAPIDEX R56<br \/> R\u00e9f\u00e9rence constructeur : D-136<br \/> R\u00e9f\u00e9rences \u00e9quivalentes : D136 \/ MD136 \/ RAPD136<\/p>","protected":false},"featured_media":0,"comment_status":"open","ping_status":"closed","template":"","meta":[],"_links":{"self":[{"href":"https:\/\/www.sams-industrie.fr\/en\/wp-json\/wp\/v2\/product\/10261"}],"collection":[{"href":"https:\/\/www.sams-industrie.fr\/en\/wp-json\/wp\/v2\/product"}],"about":[{"href":"https:\/\/www.sams-industrie.fr\/en\/wp-json\/wp\/v2\/types\/product"}],"replies":[{"embeddable":true,"href":"https:\/\/www.sams-industrie.fr\/en\/wp-json\/wp\/v2\/comments?post=10261"}],"wp:attachment":[{"href":"https:\/\/www.sams-industrie.fr\/en\/wp-json\/wp\/v2\/media?parent=10261"}],"curies":[{"name":"wp","href":"https:\/\/api.w.org\/{rel}","templated":true}]}}