{"id":10254,"date":"2025-02-05T09:53:45","date_gmt":"2025-02-05T08:53:45","guid":{"rendered":"https:\/\/www.sams-industrie.fr\/product\/roue-libre-reference\/"},"modified":"2025-02-19T11:55:56","modified_gmt":"2025-02-19T10:55:56","slug":"roue-libre-reference","status":"publish","type":"product","link":"https:\/\/www.sams-industrie.fr\/en\/product\/roue-libre-reference\/","title":{"rendered":"Freewheel <br> Reference D-100"},"content":{"rendered":"","protected":false},"excerpt":{"rendered":"<p>RAPIDEX R56<br \/> R\u00e9f\u00e9rence constructeur : D-100<br \/> R\u00e9f\u00e9rences \u00e9quivalentes : D100 \/ MD100 \/ RAPD100<\/p>","protected":false},"featured_media":0,"comment_status":"open","ping_status":"closed","template":"","meta":[],"_links":{"self":[{"href":"https:\/\/www.sams-industrie.fr\/en\/wp-json\/wp\/v2\/product\/10254"}],"collection":[{"href":"https:\/\/www.sams-industrie.fr\/en\/wp-json\/wp\/v2\/product"}],"about":[{"href":"https:\/\/www.sams-industrie.fr\/en\/wp-json\/wp\/v2\/types\/product"}],"replies":[{"embeddable":true,"href":"https:\/\/www.sams-industrie.fr\/en\/wp-json\/wp\/v2\/comments?post=10254"}],"wp:attachment":[{"href":"https:\/\/www.sams-industrie.fr\/en\/wp-json\/wp\/v2\/media?parent=10254"}],"curies":[{"name":"wp","href":"https:\/\/api.w.org\/{rel}","templated":true}]}}