{"id":10253,"date":"2025-02-05T09:53:44","date_gmt":"2025-02-05T08:53:44","guid":{"rendered":"https:\/\/www.sams-industrie.fr\/product\/pignon-de-petit-laminoir-reference\/"},"modified":"2025-02-19T11:55:56","modified_gmt":"2025-02-19T10:55:56","slug":"pignon-de-petit-laminoir-reference","status":"publish","type":"product","link":"https:\/\/www.sams-industrie.fr\/en\/product\/pignon-de-petit-laminoir-reference\/","title":{"rendered":"Small rolling mill pinion <br> Reference D-108"},"content":{"rendered":"","protected":false},"excerpt":{"rendered":"<p>RAPIDEX R56<br \/> R\u00e9f\u00e9rence constructeur : D-108<br \/> R\u00e9f\u00e9rences \u00e9quivalentes : D108 \/ MD108 \/ RAPD108<\/p>","protected":false},"featured_media":0,"comment_status":"open","ping_status":"closed","template":"","meta":[],"_links":{"self":[{"href":"https:\/\/www.sams-industrie.fr\/en\/wp-json\/wp\/v2\/product\/10253"}],"collection":[{"href":"https:\/\/www.sams-industrie.fr\/en\/wp-json\/wp\/v2\/product"}],"about":[{"href":"https:\/\/www.sams-industrie.fr\/en\/wp-json\/wp\/v2\/types\/product"}],"replies":[{"embeddable":true,"href":"https:\/\/www.sams-industrie.fr\/en\/wp-json\/wp\/v2\/comments?post=10253"}],"wp:attachment":[{"href":"https:\/\/www.sams-industrie.fr\/en\/wp-json\/wp\/v2\/media?parent=10253"}],"curies":[{"name":"wp","href":"https:\/\/api.w.org\/{rel}","templated":true}]}}