{"id":10252,"date":"2025-02-05T09:53:43","date_gmt":"2025-02-05T08:53:43","guid":{"rendered":"https:\/\/www.sams-industrie.fr\/product\/petit-laminoir-reference\/"},"modified":"2025-02-19T11:55:55","modified_gmt":"2025-02-19T10:55:55","slug":"petit-laminoir-reference","status":"publish","type":"product","link":"https:\/\/www.sams-industrie.fr\/en\/product\/petit-laminoir-reference\/","title":{"rendered":"Small rolling mill<br> Reference D-107"},"content":{"rendered":"","protected":false},"excerpt":{"rendered":"<p>RAPIDEX R56<br \/> R\u00e9f\u00e9rence constructeur : D-107<br \/> R\u00e9f\u00e9rences \u00e9quivalentes : D107 \/ MD107 \/ RAPD107<\/p>","protected":false},"featured_media":0,"comment_status":"open","ping_status":"closed","template":"","meta":[],"_links":{"self":[{"href":"https:\/\/www.sams-industrie.fr\/en\/wp-json\/wp\/v2\/product\/10252"}],"collection":[{"href":"https:\/\/www.sams-industrie.fr\/en\/wp-json\/wp\/v2\/product"}],"about":[{"href":"https:\/\/www.sams-industrie.fr\/en\/wp-json\/wp\/v2\/types\/product"}],"replies":[{"embeddable":true,"href":"https:\/\/www.sams-industrie.fr\/en\/wp-json\/wp\/v2\/comments?post=10252"}],"wp:attachment":[{"href":"https:\/\/www.sams-industrie.fr\/en\/wp-json\/wp\/v2\/media?parent=10252"}],"curies":[{"name":"wp","href":"https:\/\/api.w.org\/{rel}","templated":true}]}}