{"id":10251,"date":"2025-02-05T09:53:41","date_gmt":"2025-02-05T08:53:41","guid":{"rendered":"https:\/\/www.sams-industrie.fr\/product\/axe-de-petit-laminoir-reference\/"},"modified":"2025-02-19T11:55:54","modified_gmt":"2025-02-19T10:55:54","slug":"axe-de-petit-laminoir-reference","status":"publish","type":"product","link":"https:\/\/www.sams-industrie.fr\/en\/product\/axe-de-petit-laminoir-reference\/","title":{"rendered":"Small rolling mill axle<br> Reference D-106"},"content":{"rendered":"","protected":false},"excerpt":{"rendered":"<p>RAPIDEX R56<br \/> R\u00e9f\u00e9rence constructeur : D-106<br \/> R\u00e9f\u00e9rences \u00e9quivalentes : D106 \/ MD106 \/ RAPD106<\/p>","protected":false},"featured_media":0,"comment_status":"open","ping_status":"closed","template":"","meta":[],"_links":{"self":[{"href":"https:\/\/www.sams-industrie.fr\/en\/wp-json\/wp\/v2\/product\/10251"}],"collection":[{"href":"https:\/\/www.sams-industrie.fr\/en\/wp-json\/wp\/v2\/product"}],"about":[{"href":"https:\/\/www.sams-industrie.fr\/en\/wp-json\/wp\/v2\/types\/product"}],"replies":[{"embeddable":true,"href":"https:\/\/www.sams-industrie.fr\/en\/wp-json\/wp\/v2\/comments?post=10251"}],"wp:attachment":[{"href":"https:\/\/www.sams-industrie.fr\/en\/wp-json\/wp\/v2\/media?parent=10251"}],"curies":[{"name":"wp","href":"https:\/\/api.w.org\/{rel}","templated":true}]}}