{"id":10249,"date":"2025-02-05T09:53:39","date_gmt":"2025-02-05T08:53:39","guid":{"rendered":"https:\/\/www.sams-industrie.fr\/product\/couteau-dente-coupe-biaise-reference\/"},"modified":"2025-02-19T11:55:53","modified_gmt":"2025-02-19T10:55:53","slug":"couteau-dente-coupe-biaise-reference","status":"publish","type":"product","link":"https:\/\/www.sams-industrie.fr\/en\/product\/couteau-dente-coupe-biaise-reference\/","title":{"rendered":"Serrated knife for bevel cutting<br> Reference D-123A"},"content":{"rendered":"","protected":false},"excerpt":{"rendered":"<p>RAPIDEX R56<br \/> R\u00e9f\u00e9rence constructeur : D-123A<br \/> R\u00e9f\u00e9rences \u00e9quivalentes : D123A \/ MD123A \/ RAPD123A<\/p>","protected":false},"featured_media":0,"comment_status":"open","ping_status":"closed","template":"","meta":[],"_links":{"self":[{"href":"https:\/\/www.sams-industrie.fr\/en\/wp-json\/wp\/v2\/product\/10249"}],"collection":[{"href":"https:\/\/www.sams-industrie.fr\/en\/wp-json\/wp\/v2\/product"}],"about":[{"href":"https:\/\/www.sams-industrie.fr\/en\/wp-json\/wp\/v2\/types\/product"}],"replies":[{"embeddable":true,"href":"https:\/\/www.sams-industrie.fr\/en\/wp-json\/wp\/v2\/comments?post=10249"}],"wp:attachment":[{"href":"https:\/\/www.sams-industrie.fr\/en\/wp-json\/wp\/v2\/media?parent=10249"}],"curies":[{"name":"wp","href":"https:\/\/api.w.org\/{rel}","templated":true}]}}