{"id":10248,"date":"2025-02-05T09:53:38","date_gmt":"2025-02-05T08:53:38","guid":{"rendered":"https:\/\/www.sams-industrie.fr\/product\/cisaille-reference-2\/"},"modified":"2025-02-19T11:55:52","modified_gmt":"2025-02-19T10:55:52","slug":"cisaille-reference-2","status":"publish","type":"product","link":"https:\/\/www.sams-industrie.fr\/en\/product\/cisaille-reference-2\/","title":{"rendered":"Shear<br> Reference D-128"},"content":{"rendered":"","protected":false},"excerpt":{"rendered":"<p>RAPIDEX R56<br \/> R\u00e9f\u00e9rence constructeur : D-128<br \/> R\u00e9f\u00e9rences \u00e9quivalentes : D128 \/ MD128 \/ RAPD128<\/p>","protected":false},"featured_media":0,"comment_status":"open","ping_status":"closed","template":"","meta":[],"_links":{"self":[{"href":"https:\/\/www.sams-industrie.fr\/en\/wp-json\/wp\/v2\/product\/10248"}],"collection":[{"href":"https:\/\/www.sams-industrie.fr\/en\/wp-json\/wp\/v2\/product"}],"about":[{"href":"https:\/\/www.sams-industrie.fr\/en\/wp-json\/wp\/v2\/types\/product"}],"replies":[{"embeddable":true,"href":"https:\/\/www.sams-industrie.fr\/en\/wp-json\/wp\/v2\/comments?post=10248"}],"wp:attachment":[{"href":"https:\/\/www.sams-industrie.fr\/en\/wp-json\/wp\/v2\/media?parent=10248"}],"curies":[{"name":"wp","href":"https:\/\/api.w.org\/{rel}","templated":true}]}}