{"id":10246,"date":"2025-02-05T09:53:34","date_gmt":"2025-02-05T08:53:34","guid":{"rendered":"https:\/\/www.sams-industrie.fr\/product\/porte-mandrin-point-14-reference\/"},"modified":"2025-02-19T11:55:51","modified_gmt":"2025-02-19T10:55:51","slug":"porte-mandrin-point-14-reference","status":"publish","type":"product","link":"https:\/\/www.sams-industrie.fr\/en\/product\/porte-mandrin-point-14-reference\/","title":{"rendered":"14 point chuck holder<br> Reference D-162"},"content":{"rendered":"","protected":false},"excerpt":{"rendered":"<p>RAPIDEX R56<br \/> R\u00e9f\u00e9rence constructeur : D-162<br \/> R\u00e9f\u00e9rences \u00e9quivalentes : D162 \/ MD162 \/ RAPD162<\/p>","protected":false},"featured_media":0,"comment_status":"open","ping_status":"closed","template":"","meta":[],"_links":{"self":[{"href":"https:\/\/www.sams-industrie.fr\/en\/wp-json\/wp\/v2\/product\/10246"}],"collection":[{"href":"https:\/\/www.sams-industrie.fr\/en\/wp-json\/wp\/v2\/product"}],"about":[{"href":"https:\/\/www.sams-industrie.fr\/en\/wp-json\/wp\/v2\/types\/product"}],"replies":[{"embeddable":true,"href":"https:\/\/www.sams-industrie.fr\/en\/wp-json\/wp\/v2\/comments?post=10246"}],"wp:attachment":[{"href":"https:\/\/www.sams-industrie.fr\/en\/wp-json\/wp\/v2\/media?parent=10246"}],"curies":[{"name":"wp","href":"https:\/\/api.w.org\/{rel}","templated":true}]}}