{"id":10244,"date":"2025-02-05T09:53:32","date_gmt":"2025-02-05T08:53:32","guid":{"rendered":"https:\/\/www.sams-industrie.fr\/product\/mandrin-reference\/"},"modified":"2025-10-16T15:46:15","modified_gmt":"2025-10-16T13:46:15","slug":"mandrin-reference","status":"publish","type":"product","link":"https:\/\/www.sams-industrie.fr\/en\/product\/mandrin-reference\/","title":{"rendered":"Mandrel<br> Reference D-173"},"content":{"rendered":"","protected":false},"excerpt":{"rendered":"<p>RAPIDEX R56<br \/>\nR\u00e9f\u00e9rence constructeur : D-173<br \/>\nR\u00e9f\u00e9rences \u00e9quivalentes : D173 \/ MD173 \/ RAPD173<\/p>","protected":false},"featured_media":11644,"comment_status":"open","ping_status":"closed","template":"","meta":[],"_links":{"self":[{"href":"https:\/\/www.sams-industrie.fr\/en\/wp-json\/wp\/v2\/product\/10244"}],"collection":[{"href":"https:\/\/www.sams-industrie.fr\/en\/wp-json\/wp\/v2\/product"}],"about":[{"href":"https:\/\/www.sams-industrie.fr\/en\/wp-json\/wp\/v2\/types\/product"}],"replies":[{"embeddable":true,"href":"https:\/\/www.sams-industrie.fr\/en\/wp-json\/wp\/v2\/comments?post=10244"}],"wp:featuredmedia":[{"embeddable":true,"href":"https:\/\/www.sams-industrie.fr\/en\/wp-json\/wp\/v2\/media\/11644"}],"wp:attachment":[{"href":"https:\/\/www.sams-industrie.fr\/en\/wp-json\/wp\/v2\/media?parent=10244"}],"curies":[{"name":"wp","href":"https:\/\/api.w.org\/{rel}","templated":true}]}}