{"id":10242,"date":"2025-02-05T09:53:30","date_gmt":"2025-02-05T08:53:30","guid":{"rendered":"https:\/\/www.sams-industrie.fr\/product\/ressort-de-rappel-de-mandrin-reference\/"},"modified":"2025-10-16T15:40:49","modified_gmt":"2025-10-16T13:40:49","slug":"ressort-de-rappel-de-mandrin-reference","status":"publish","type":"product","link":"https:\/\/www.sams-industrie.fr\/en\/product\/ressort-de-rappel-de-mandrin-reference\/","title":{"rendered":"Chuck return spring<br> Reference RC083"},"content":{"rendered":"","protected":false},"excerpt":{"rendered":"<p>RAPIDEX R56<br \/>\nR\u00e9f\u00e9rence constructeur : RC083<br \/>\nR\u00e9f\u00e9rences \u00e9quivalentes : RC083 \/ MRC083 \/ RAPRC083<\/p>","protected":false},"featured_media":11642,"comment_status":"open","ping_status":"closed","template":"","meta":[],"_links":{"self":[{"href":"https:\/\/www.sams-industrie.fr\/en\/wp-json\/wp\/v2\/product\/10242"}],"collection":[{"href":"https:\/\/www.sams-industrie.fr\/en\/wp-json\/wp\/v2\/product"}],"about":[{"href":"https:\/\/www.sams-industrie.fr\/en\/wp-json\/wp\/v2\/types\/product"}],"replies":[{"embeddable":true,"href":"https:\/\/www.sams-industrie.fr\/en\/wp-json\/wp\/v2\/comments?post=10242"}],"wp:featuredmedia":[{"embeddable":true,"href":"https:\/\/www.sams-industrie.fr\/en\/wp-json\/wp\/v2\/media\/11642"}],"wp:attachment":[{"href":"https:\/\/www.sams-industrie.fr\/en\/wp-json\/wp\/v2\/media?parent=10242"}],"curies":[{"name":"wp","href":"https:\/\/api.w.org\/{rel}","templated":true}]}}