{"id":10241,"date":"2025-02-05T09:53:29","date_gmt":"2025-02-05T08:53:29","guid":{"rendered":"https:\/\/www.sams-industrie.fr\/product\/pousseur-point-14-reference\/"},"modified":"2025-10-16T15:39:43","modified_gmt":"2025-10-16T13:39:43","slug":"pousseur-point-14-reference","status":"publish","type":"product","link":"https:\/\/www.sams-industrie.fr\/en\/product\/pousseur-point-14-reference\/","title":{"rendered":"Pusher point 14<br> Reference D-159"},"content":{"rendered":"","protected":false},"excerpt":{"rendered":"<p>RAPIDEX R56<br \/>\nR\u00e9f\u00e9rence constructeur : D-159<br \/>\nR\u00e9f\u00e9rences \u00e9quivalentes : D159 \/ MD159 \/ RAPD159<\/p>","protected":false},"featured_media":11641,"comment_status":"open","ping_status":"closed","template":"","meta":[],"_links":{"self":[{"href":"https:\/\/www.sams-industrie.fr\/en\/wp-json\/wp\/v2\/product\/10241"}],"collection":[{"href":"https:\/\/www.sams-industrie.fr\/en\/wp-json\/wp\/v2\/product"}],"about":[{"href":"https:\/\/www.sams-industrie.fr\/en\/wp-json\/wp\/v2\/types\/product"}],"replies":[{"embeddable":true,"href":"https:\/\/www.sams-industrie.fr\/en\/wp-json\/wp\/v2\/comments?post=10241"}],"wp:featuredmedia":[{"embeddable":true,"href":"https:\/\/www.sams-industrie.fr\/en\/wp-json\/wp\/v2\/media\/11641"}],"wp:attachment":[{"href":"https:\/\/www.sams-industrie.fr\/en\/wp-json\/wp\/v2\/media?parent=10241"}],"curies":[{"name":"wp","href":"https:\/\/api.w.org\/{rel}","templated":true}]}}