{"id":10238,"date":"2025-02-05T09:53:26","date_gmt":"2025-02-05T08:53:26","guid":{"rendered":"https:\/\/www.sams-industrie.fr\/product\/couteau-coupe-droite-reference\/"},"modified":"2025-10-16T15:38:40","modified_gmt":"2025-10-16T13:38:40","slug":"couteau-coupe-droite-reference","status":"publish","type":"product","link":"https:\/\/www.sams-industrie.fr\/en\/product\/couteau-coupe-droite-reference\/","title":{"rendered":"Straight cutting knife<br> Reference D-123"},"content":{"rendered":"","protected":false},"excerpt":{"rendered":"<p>RAPIDEX R56<br \/>\nR\u00e9f\u00e9rence constructeur : D-123<br \/>\nR\u00e9f\u00e9rences \u00e9quivalentes : D123 \/ MD123 \/ RAPD123<\/p>","protected":false},"featured_media":11640,"comment_status":"open","ping_status":"closed","template":"","meta":[],"_links":{"self":[{"href":"https:\/\/www.sams-industrie.fr\/en\/wp-json\/wp\/v2\/product\/10238"}],"collection":[{"href":"https:\/\/www.sams-industrie.fr\/en\/wp-json\/wp\/v2\/product"}],"about":[{"href":"https:\/\/www.sams-industrie.fr\/en\/wp-json\/wp\/v2\/types\/product"}],"replies":[{"embeddable":true,"href":"https:\/\/www.sams-industrie.fr\/en\/wp-json\/wp\/v2\/comments?post=10238"}],"wp:featuredmedia":[{"embeddable":true,"href":"https:\/\/www.sams-industrie.fr\/en\/wp-json\/wp\/v2\/media\/11640"}],"wp:attachment":[{"href":"https:\/\/www.sams-industrie.fr\/en\/wp-json\/wp\/v2\/media?parent=10238"}],"curies":[{"name":"wp","href":"https:\/\/api.w.org\/{rel}","templated":true}]}}