{"id":10237,"date":"2025-02-05T09:53:25","date_gmt":"2025-02-05T08:53:25","guid":{"rendered":"https:\/\/www.sams-industrie.fr\/product\/cisaille-coupe-droite-reference\/"},"modified":"2025-02-19T11:55:44","modified_gmt":"2025-02-19T10:55:44","slug":"cisaille-coupe-droite-reference","status":"publish","type":"product","link":"https:\/\/www.sams-industrie.fr\/en\/product\/cisaille-coupe-droite-reference\/","title":{"rendered":"Straight cutting shears<br> Reference D-129"},"content":{"rendered":"","protected":false},"excerpt":{"rendered":"<p>RAPIDEX R56<br \/> R\u00e9f\u00e9rence constructeur : D-129<br \/> R\u00e9f\u00e9rences \u00e9quivalentes : D129 \/ MD129 \/ RAPD129<\/p>","protected":false},"featured_media":0,"comment_status":"open","ping_status":"closed","template":"","meta":[],"_links":{"self":[{"href":"https:\/\/www.sams-industrie.fr\/en\/wp-json\/wp\/v2\/product\/10237"}],"collection":[{"href":"https:\/\/www.sams-industrie.fr\/en\/wp-json\/wp\/v2\/product"}],"about":[{"href":"https:\/\/www.sams-industrie.fr\/en\/wp-json\/wp\/v2\/types\/product"}],"replies":[{"embeddable":true,"href":"https:\/\/www.sams-industrie.fr\/en\/wp-json\/wp\/v2\/comments?post=10237"}],"wp:attachment":[{"href":"https:\/\/www.sams-industrie.fr\/en\/wp-json\/wp\/v2\/media?parent=10237"}],"curies":[{"name":"wp","href":"https:\/\/api.w.org\/{rel}","templated":true}]}}